{"id":1945,"date":"2020-12-29T13:36:47","date_gmt":"2020-12-29T12:36:47","guid":{"rendered":"https:\/\/bio-k.eus\/politica-cookies\/"},"modified":"2021-01-19T18:37:27","modified_gmt":"2021-01-19T17:37:27","slug":"cookie-en-politika","status":"publish","type":"page","link":"https:\/\/bio-k.eus\/eu\/cookie-en-politika\/","title":{"rendered":"Cookie-en politika"},"content":{"rendered":"<div class=\"wpb-content-wrapper\"><p>[vc_row][vc_column][vc_column_text]<\/p>\n<h3>\u00bfQu\u00e9 es una Cookie?<\/h3>\n<p>Una cookie es un archivo inform\u00e1tico que un servidor web puede procesar en el dispositivo (ordenador, tel\u00e9fono, tablet, etc.) con el que se conecta la persona usuaria, con el fin de reconocer sus caracter\u00edsticas y\/o preferencias cuando se vuelva a conectar y\/o de facilitar el uso y la navegaci\u00f3n por el sitio web, aportando diversas ventajas en la prestaci\u00f3n de servicios interactivos. Las cookies se utilizan, entre otras finalidades, para gestionar la sesi\u00f3n de la persona usuaria (por ejemplo, reduciendo el n\u00famero de veces que tiene que incluir su contrase\u00f1a) o para adecuar los contenidos de un sitio web a sus preferencias (por ejemplo, idioma). Las cookies pueden ser de \u201csesi\u00f3n\u201d, por lo que se borrar\u00e1n una vez la persona usuaria abandone el sitio web que las gener\u00f3 o \u201cpersistentes\u201d, que permanecen en su dispositivo hasta una fecha determinada.[\/vc_column_text][vc_column_text]<\/p>\n<h3>\u00bfQu\u00e9 tipo de cookies utiliza este sitio web?<\/h3>\n<p>Este sitio web utiliza diferentes tipos de cookies, con las finalidades que se detallan a continuaci\u00f3n:<\/p>\n<ul>\n<li>Cookies t\u00e9cnicas: permiten al usuario la navegaci\u00f3n a trav\u00e9s de este sitio web y la utilizaci\u00f3n de diferentes opciones que en \u00e9l pueden existir como, por ejemplo, identificar la sesi\u00f3n, acceder a las \u00e1reas privadas del sitio web, gestionar los par\u00e1metros introducidos por la persona usuaria o compartir contenidos a trav\u00e9s de redes sociales.<\/li>\n<li>Cookies de personalizaci\u00f3n: permiten al usuario acceder al servicio con algunas caracter\u00edsticas de car\u00e1cter general predefinidas en funci\u00f3n de una serie de criterios en el terminal de la persona usuaria (por ejemplo, el idioma, el tipo de navegador a trav\u00e9s del cual accede al servicio, etc.).<\/li>\n<li>Cookies de an\u00e1lisis: permiten el seguimiento y an\u00e1lisis del comportamiento de las personas usuarias del sitio web. La informaci\u00f3n recogida mediante este tipo de cookies se utiliza en la medici\u00f3n de la actividad del sitio web, con el fin de introducir mejoras en funci\u00f3n del an\u00e1lisis de los datos de uso que hacen las personas usuarias (por ejemplo, Google Analytics).<\/li>\n<\/ul>\n<p>[\/vc_column_text][vc_column_text]<\/p>\n<h3>Cookies utilizadas en este sitio web<\/h3>\n<table>\n<tbody>\n<tr>\n<th>Cookie<\/th>\n<th>Duraci\u00f3n<\/th>\n<th>Tipo<\/th>\n<th>Finalidad<\/th>\n<\/tr>\n<tr>\n<td>_ga<\/td>\n<td>2 a\u00f1os<\/td>\n<td>De Tercero (Google Analytics)<\/td>\n<td>Distinguir a las personas usuarias del sitio web, asign\u00e1ndoles un identificador \u00fanico aleatorio<\/td>\n<\/tr>\n<tr>\n<td>_gat<\/td>\n<td>1-10 minutos<\/td>\n<td>De Tercero (Google Analytics)<\/td>\n<td>Limitar las solicitudes al sitio web, regular los env\u00edos de datos a Google Analytics<\/td>\n<\/tr>\n<tr>\n<td>_gid<\/td>\n<td>24 horas<\/td>\n<td>De Tercero (Google Analytics)<\/td>\n<td>Distinguir a las personas usuarias del sitio web, asign\u00e1ndoles un identificador \u00fanico aleatorio<\/td>\n<\/tr>\n<tr>\n<td>_utma<\/td>\n<td>2 a\u00f1os<\/td>\n<td rowspan=\"5\">De Tercero (Google Analytics)<\/td>\n<td rowspan=\"5\">Llevar a cabo un an\u00e1lisis estad\u00edstico del uso del sitio web (n\u00famero de visitas de la persona usuaria, primera y \u00faltima visita, origen de usuario, t\u00e9rminos de b\u00fasqueda, etc.)<\/td>\n<\/tr>\n<tr>\n<td>_utmb<\/td>\n<td>\u00bd hora<\/td>\n<\/tr>\n<tr>\n<td>_utmc<\/td>\n<td>Sesi\u00f3n<\/td>\n<\/tr>\n<tr>\n<td>_utmt<\/td>\n<td>1 hora<\/td>\n<\/tr>\n<tr>\n<td>_utmz<\/td>\n<td>6 meses<\/td>\n<\/tr>\n<\/tbody>\n<\/table>\n<p>[\/vc_column_text][vc_column_text]<\/p>\n<h3>\u00bfC\u00f3mo se pueden desactivar o eliminar las cookies?<\/h3>\n<p>El usuario, si lo desea, pueda desactivar y\/o eliminar las cookies. Como informaci\u00f3n adicional al usuario, aportamos d\u00f3nde puede encontrar la configuraci\u00f3n para el tratamiento de cookies en algunos de los principales navegadores:<\/p>\n<ul>\n<li>Google Chrome: Configuraci\u00f3n\\ Configuraci\u00f3n Avanzada\\ Configuraci\u00f3n de Contenido\\<\/li>\n<li>Microsoft Internet Explorer: Configuraci\u00f3n\\ Privacidad y Seguridad\\<\/li>\n<li>Mozilla Firefox: Opciones\\ Privacidad y Seguridad\\<\/li>\n<li>Apple Safari: Preferencias\\ Privacidad\\<\/li>\n<\/ul>\n<p>[\/vc_column_text][\/vc_column][\/vc_row]<\/p>\n<\/div>","protected":false},"excerpt":{"rendered":"<p>[vc_row][vc_column][vc_column_text] \u00bfQu\u00e9 es una Cookie? Una cookie es un archivo inform\u00e1tico que un servidor web puede procesar en el dispositivo (ordenador, tel\u00e9fono, tablet, etc.) con el que se conecta la persona usuaria, con el fin de reconocer sus caracter\u00edsticas y\/o preferencias cuando se vuelva a conectar y\/o de facilitar el uso y la navegaci\u00f3n por&hellip;<\/p>\n","protected":false},"author":1,"featured_media":0,"parent":0,"menu_order":102,"comment_status":"closed","ping_status":"closed","template":"","meta":{"_joinchat":[],"footnotes":""},"class_list":["post-1945","page","type-page","status-publish","hentry","description-off"],"yoast_head":"<!-- This site is optimized with the Yoast SEO plugin v27.4 - https:\/\/yoast.com\/product\/yoast-seo-wordpress\/ -->\n<title>Cookie-en politika - Productos Ecol\u00f3gicos Bio-K<\/title>\n<meta name=\"robots\" content=\"noindex, nofollow\" \/>\n<meta property=\"og:locale\" content=\"eu_ES\" \/>\n<meta property=\"og:type\" content=\"article\" \/>\n<meta property=\"og:title\" content=\"Cookie-en politika - Productos Ecol\u00f3gicos Bio-K\" \/>\n<meta property=\"og:description\" content=\"[vc_row][vc_column][vc_column_text] \u00bfQu\u00e9 es una Cookie? Una cookie es un archivo inform\u00e1tico que un servidor web puede procesar en el dispositivo (ordenador, tel\u00e9fono, tablet, etc.) con el que se conecta la persona usuaria, con el fin de reconocer sus caracter\u00edsticas y\/o preferencias cuando se vuelva a conectar y\/o de facilitar el uso y la navegaci\u00f3n por&hellip;\" \/>\n<meta property=\"og:url\" content=\"https:\/\/bio-k.eus\/eu\/cookie-en-politika\/\" \/>\n<meta property=\"og:site_name\" content=\"Productos Ecol\u00f3gicos Bio-K\" \/>\n<meta property=\"article:publisher\" content=\"https:\/\/www.facebook.com\/ProductosBioK\" \/>\n<meta property=\"article:modified_time\" content=\"2021-01-19T17:37:27+00:00\" \/>\n<meta name=\"twitter:card\" content=\"summary_large_image\" \/>\n<meta name=\"twitter:label1\" content=\"Est. reading time\" \/>\n\t<meta name=\"twitter:data1\" content=\"3 minutes\" \/>\n<script type=\"application\/ld+json\" class=\"yoast-schema-graph\">{\"@context\":\"https:\\\/\\\/schema.org\",\"@graph\":[{\"@type\":\"WebPage\",\"@id\":\"https:\\\/\\\/bio-k.eus\\\/eu\\\/cookie-en-politika\\\/\",\"url\":\"https:\\\/\\\/bio-k.eus\\\/eu\\\/cookie-en-politika\\\/\",\"name\":\"Cookie-en politika - Productos Ecol\u00f3gicos Bio-K\",\"isPartOf\":{\"@id\":\"https:\\\/\\\/bio-k.eus\\\/#website\"},\"datePublished\":\"2020-12-29T12:36:47+00:00\",\"dateModified\":\"2021-01-19T17:37:27+00:00\",\"breadcrumb\":{\"@id\":\"https:\\\/\\\/bio-k.eus\\\/eu\\\/cookie-en-politika\\\/#breadcrumb\"},\"inLanguage\":\"eu-ES\",\"potentialAction\":[{\"@type\":\"ReadAction\",\"target\":[\"https:\\\/\\\/bio-k.eus\\\/eu\\\/cookie-en-politika\\\/\"]}]},{\"@type\":\"BreadcrumbList\",\"@id\":\"https:\\\/\\\/bio-k.eus\\\/eu\\\/cookie-en-politika\\\/#breadcrumb\",\"itemListElement\":[{\"@type\":\"ListItem\",\"position\":1,\"name\":\"Portada\",\"item\":\"https:\\\/\\\/bio-k.eus\\\/eu\\\/\"},{\"@type\":\"ListItem\",\"position\":2,\"name\":\"Cookie-en politika\"}]},{\"@type\":\"WebSite\",\"@id\":\"https:\\\/\\\/bio-k.eus\\\/#website\",\"url\":\"https:\\\/\\\/bio-k.eus\\\/\",\"name\":\"Productos Ecol\u00f3gicos Bio-K\",\"description\":\"Productos elaborados a partir de manzanas ecol\u00f3gicas\",\"publisher\":{\"@id\":\"https:\\\/\\\/bio-k.eus\\\/#organization\"},\"potentialAction\":[{\"@type\":\"SearchAction\",\"target\":{\"@type\":\"EntryPoint\",\"urlTemplate\":\"https:\\\/\\\/bio-k.eus\\\/?s={search_term_string}\"},\"query-input\":{\"@type\":\"PropertyValueSpecification\",\"valueRequired\":true,\"valueName\":\"search_term_string\"}}],\"inLanguage\":\"eu-ES\"},{\"@type\":\"Organization\",\"@id\":\"https:\\\/\\\/bio-k.eus\\\/#organization\",\"name\":\"Productos Ecol\u00f3gicos Bio-K\",\"url\":\"https:\\\/\\\/bio-k.eus\\\/\",\"logo\":{\"@type\":\"ImageObject\",\"inLanguage\":\"eu-ES\",\"@id\":\"https:\\\/\\\/bio-k.eus\\\/#\\\/schema\\\/logo\\\/image\\\/\",\"url\":\"https:\\\/\\\/bio-k.eus\\\/wp-content\\\/uploads\\\/logo-bio-k.png\",\"contentUrl\":\"https:\\\/\\\/bio-k.eus\\\/wp-content\\\/uploads\\\/logo-bio-k.png\",\"width\":500,\"height\":230,\"caption\":\"Productos Ecol\u00f3gicos Bio-K\"},\"image\":{\"@id\":\"https:\\\/\\\/bio-k.eus\\\/#\\\/schema\\\/logo\\\/image\\\/\"},\"sameAs\":[\"https:\\\/\\\/www.facebook.com\\\/ProductosBioK\",\"https:\\\/\\\/www.instagram.com\\\/productos_bio_k\\\/\"]}]}<\/script>\n<!-- \/ Yoast SEO plugin. -->","yoast_head_json":{"title":"Cookie-en politika - Productos Ecol\u00f3gicos Bio-K","robots":{"index":"noindex","follow":"nofollow"},"og_locale":"eu_ES","og_type":"article","og_title":"Cookie-en politika - Productos Ecol\u00f3gicos Bio-K","og_description":"[vc_row][vc_column][vc_column_text] \u00bfQu\u00e9 es una Cookie? Una cookie es un archivo inform\u00e1tico que un servidor web puede procesar en el dispositivo (ordenador, tel\u00e9fono, tablet, etc.) con el que se conecta la persona usuaria, con el fin de reconocer sus caracter\u00edsticas y\/o preferencias cuando se vuelva a conectar y\/o de facilitar el uso y la navegaci\u00f3n por&hellip;","og_url":"https:\/\/bio-k.eus\/eu\/cookie-en-politika\/","og_site_name":"Productos Ecol\u00f3gicos Bio-K","article_publisher":"https:\/\/www.facebook.com\/ProductosBioK","article_modified_time":"2021-01-19T17:37:27+00:00","twitter_card":"summary_large_image","twitter_misc":{"Est. reading time":"3 minutes"},"schema":{"@context":"https:\/\/schema.org","@graph":[{"@type":"WebPage","@id":"https:\/\/bio-k.eus\/eu\/cookie-en-politika\/","url":"https:\/\/bio-k.eus\/eu\/cookie-en-politika\/","name":"Cookie-en politika - Productos Ecol\u00f3gicos Bio-K","isPartOf":{"@id":"https:\/\/bio-k.eus\/#website"},"datePublished":"2020-12-29T12:36:47+00:00","dateModified":"2021-01-19T17:37:27+00:00","breadcrumb":{"@id":"https:\/\/bio-k.eus\/eu\/cookie-en-politika\/#breadcrumb"},"inLanguage":"eu-ES","potentialAction":[{"@type":"ReadAction","target":["https:\/\/bio-k.eus\/eu\/cookie-en-politika\/"]}]},{"@type":"BreadcrumbList","@id":"https:\/\/bio-k.eus\/eu\/cookie-en-politika\/#breadcrumb","itemListElement":[{"@type":"ListItem","position":1,"name":"Portada","item":"https:\/\/bio-k.eus\/eu\/"},{"@type":"ListItem","position":2,"name":"Cookie-en politika"}]},{"@type":"WebSite","@id":"https:\/\/bio-k.eus\/#website","url":"https:\/\/bio-k.eus\/","name":"Productos Ecol\u00f3gicos Bio-K","description":"Productos elaborados a partir de manzanas ecol\u00f3gicas","publisher":{"@id":"https:\/\/bio-k.eus\/#organization"},"potentialAction":[{"@type":"SearchAction","target":{"@type":"EntryPoint","urlTemplate":"https:\/\/bio-k.eus\/?s={search_term_string}"},"query-input":{"@type":"PropertyValueSpecification","valueRequired":true,"valueName":"search_term_string"}}],"inLanguage":"eu-ES"},{"@type":"Organization","@id":"https:\/\/bio-k.eus\/#organization","name":"Productos Ecol\u00f3gicos Bio-K","url":"https:\/\/bio-k.eus\/","logo":{"@type":"ImageObject","inLanguage":"eu-ES","@id":"https:\/\/bio-k.eus\/#\/schema\/logo\/image\/","url":"https:\/\/bio-k.eus\/wp-content\/uploads\/logo-bio-k.png","contentUrl":"https:\/\/bio-k.eus\/wp-content\/uploads\/logo-bio-k.png","width":500,"height":230,"caption":"Productos Ecol\u00f3gicos Bio-K"},"image":{"@id":"https:\/\/bio-k.eus\/#\/schema\/logo\/image\/"},"sameAs":["https:\/\/www.facebook.com\/ProductosBioK","https:\/\/www.instagram.com\/productos_bio_k\/"]}]}},"_links":{"self":[{"href":"https:\/\/bio-k.eus\/eu\/wp-json\/wp\/v2\/pages\/1945","targetHints":{"allow":["GET"]}}],"collection":[{"href":"https:\/\/bio-k.eus\/eu\/wp-json\/wp\/v2\/pages"}],"about":[{"href":"https:\/\/bio-k.eus\/eu\/wp-json\/wp\/v2\/types\/page"}],"author":[{"embeddable":true,"href":"https:\/\/bio-k.eus\/eu\/wp-json\/wp\/v2\/users\/1"}],"replies":[{"embeddable":true,"href":"https:\/\/bio-k.eus\/eu\/wp-json\/wp\/v2\/comments?post=1945"}],"version-history":[{"count":0,"href":"https:\/\/bio-k.eus\/eu\/wp-json\/wp\/v2\/pages\/1945\/revisions"}],"wp:attachment":[{"href":"https:\/\/bio-k.eus\/eu\/wp-json\/wp\/v2\/media?parent=1945"}],"curies":[{"name":"wp","href":"https:\/\/api.w.org\/{rel}","templated":true}]}}