{"id":1939,"date":"2018-05-23T12:22:40","date_gmt":"2018-05-23T10:22:40","guid":{"rendered":"https:\/\/bio-k.eus\/aviso-legal\/"},"modified":"2024-05-21T16:26:12","modified_gmt":"2024-05-21T14:26:12","slug":"lege-oharra","status":"publish","type":"page","link":"https:\/\/bio-k.eus\/eu\/lege-oharra\/","title":{"rendered":"Lege oharra"},"content":{"rendered":"<div class=\"wpb-content-wrapper\"><p>[vc_row][vc_column][vc_column_text css=&#8221;&#8221;]<\/p>\n<h3>Informaci\u00f3n legal<\/h3>\n<p>En cumplimiento de la Ley 34\/2002, de 11 de julio, de Servicios de la Sociedad de la Informaci\u00f3n y de Comercio Electr\u00f3nico, le informamos que el dominio de internet bio-k.eus es titularidad de Astigarragako Ozpinak SL (NIF: B75134114), con domicilio en Sagardotegi Zeharra, 5 , 20115 Astigarraga (Gipuzkoa), tel\u00e9fono 678 547 819, correo electr\u00f3nico info@bio-k.eus.<\/p>\n<p>Astigarragako Ozpinak SL (en adelante \u201cel Responsable del Tratamiento\u201d) tiene por objeto la elaboraci\u00f3n y venta de productos ecol\u00f3gicos derivados de la manzana. El sitio web ubicado en www.bio-k.eus (en adelante \u201cel sitio web\u201d) es propiedad de Astigarragako Ozpinak SL. La persona que visita y utiliza este sitio web es usuaria del sitio web (en adelante \u201cel usuario\u201d o \u201cla persona usuaria\u201d).[\/vc_column_text][vc_column_text css=&#8221;&#8221;]<\/p>\n<h3>1. Condiciones generales<\/h3>\n<p>La persona usuaria accede a este sitio web de forma voluntaria. El acceso a este sitio web tiene car\u00e1cter gratuito. La navegaci\u00f3n en este sitio web implica aceptar y conocer las advertencias legales, condiciones y t\u00e9rminos de uso, pol\u00edtica de privacidad y pol\u00edtica de cookies contenidos en \u00e9l. Si la persona usuaria no est\u00e1 de acuerdo con estas condiciones y no presta su consentimiento, no podr\u00e1 hacer uso de este sitio web.<\/p>\n<p>El acceso a este sitio web, as\u00ed como el uso que pueda hacerse de la informaci\u00f3n que contiene, son de la exclusiva responsabilidad de la persona usuaria. la persona usuaria se compromete a hacer uso del mismo de acuerdo a la finalidad del sitio web. la persona usuaria no puede hacer un uso il\u00edcito de la informaci\u00f3n contenida en este sitio web, ni llevar a cabo acciones que puedan da\u00f1ar o alterar los sistemas inform\u00e1ticos de este sitio web.<\/p>\n<p>Queda prohibida la inclusi\u00f3n y comunicaci\u00f3n de contenidos, por parte de las personas usuarias, que sean falsos o inexactos y que induzcan o puedan inducir a error al Responsable del Tratamiento, las personas usuarias del sitio web o terceros. la persona usuaria ser\u00e1 el \u00fanico responsable de los perjuicios que cause mediante la comunicaci\u00f3n de dichos datos. Queda prohibido el uso de datos personales de terceros sin su consentimiento, as\u00ed como el uso de datos identificativos de terceros con el \u00e1nimo de hacerse pasar por o fingir ser cualquier otra persona o entidad.<\/p>\n<p>El Responsable del Tratamiento realiza los m\u00e1ximos esfuerzos a su alcance para evitar errores en los contenidos que se publican en el sitio web, reserv\u00e1ndose la facultad de poder modificarlos en cualquier momento. Astigarragako Ozpinak SL declina expresamente cualquier responsabilidad por error u omisi\u00f3n en los contenidos de este sitio web y de los da\u00f1os y perjuicios que puedan deberse a la falta de veracidad, exactitud y actualidad de los mismos.<\/p>\n<p>El sitio web puede ofrecer enlaces a otros sitios web o facilitar su acceso mediante un buscador ubicado en su sitio web. Astigarragako Ozpinak SL no asume ninguna responsabilidad en relaci\u00f3n con estos sitios enlazados, ni los resultados de las b\u00fasquedas, ya que no tiene ning\u00fan tipo de control sobre ellos, su contenido, productos y servicios ofrecidos, etc. La finalidad de estos servicios es informar al usuario de otras fuentes de informaci\u00f3n, por lo que la persona usuaria accede bajo su exclusiva responsabilidad al contenido y en las condiciones de uso que rijan en los mismos. En el caso de enlaces a redes sociales, titularidad del Responsable del Tratamiento o de terceros, las mismas se regir\u00e1n por las condiciones generales de dichas redes.<\/p>\n<p>Astigarragako Ozpinak SL no se responsabilizar\u00e1 de ninguna consecuencia, da\u00f1o o perjuicio que pudieran derivarse del uso de este sitio web o de sus contenidos, incluidos da\u00f1os inform\u00e1ticos y la introducci\u00f3n de virus o cualquier tipo de software malicioso. El Responsable del Tratamiento no garantiza la ausencia de virus ni de otros elementos da\u00f1inos en el sitio web, introducidos por terceros, que puedan producir alteraciones en los sistemas f\u00edsicos o l\u00f3gicos de las personas usuarias, pero utiliza los medios a su alcance para que esto no suceda.<\/p>\n<p>Astigarragako Ozpinak SL se reserva el derecho de modificar o borrar en cualquier momento, sin previo aviso y\/o justificaci\u00f3n, el dise\u00f1o, la configuraci\u00f3n y la informaci\u00f3n contenida en este sitio web, si as\u00ed lo estima oportuno. El Responsable del Tratamiento no se hace responsable de los perjuicios que estas modificaciones puedan causar. No obstante, utilizar\u00e1 los recursos que tenga a su alcance para informar a las personas usuarias de dichas modificaciones.[\/vc_column_text][vc_column_text css=&#8221;&#8221;]<\/p>\n<h3>2. Propiedad intelectual e industrial<\/h3>\n<p>Los derechos de propiedad de este sitio web, de sus p\u00e1ginas, secciones, pantallas, la informaci\u00f3n que contienen, su apariencia y dise\u00f1o, textos, fotograf\u00edas, im\u00e1genes, audios, v\u00eddeos, animaciones, sus productos y servicios, marcas, logos, lemas, etc. son propiedad de Astigarragako Ozpinak SL, salvo que se especifique otra cosa.<\/p>\n<p>En ning\u00fan caso el acceso o navegaci\u00f3n en el sitio web implica renuncia, transmisi\u00f3n o licencia total o parcial de Astigarragako Ozpinak SL para uso personal al usuario sobre sus derechos de propiedad intelectual e industrial. La reproducci\u00f3n, distribuci\u00f3n, comercializaci\u00f3n o transformaci\u00f3n no autorizadas de estas obras constituye una infracci\u00f3n de los derechos de propiedad intelectual del Responsable del Tratamiento.<\/p>\n<p>La persona usuaria se compromete a no realizar ninguna acci\u00f3n que perjudique la titularidad de este sitio web. La utilizaci\u00f3n no autorizada de la informaci\u00f3n contenida en este sitio web, as\u00ed como los perjuicios ocasionados en los derechos de propiedad intelectual e industrial de sus titulares, pueden dar lugar al ejercicio de las acciones que legalmente correspondan y, si procede, a las responsabilidades que de dicho ejercicio se deriven.[\/vc_column_text][vc_column_text css=&#8221;&#8221;]<\/p>\n<h3>3. Modificaciones<\/h3>\n<p>Estas Condiciones podr\u00e1n sufrir modificaciones cuando Astigarragako Ozpinak SL lo considere oportuno, bien con la finalidad de adecuarse a los cambios legislativos, bien con el fin de llevar a cabo otro tipo de mejoras. Estas modificaciones ser\u00e1n v\u00e1lidas desde su publicaci\u00f3n en este sitio web. El Responsable del Tratamiento utilizar\u00e1 los medios a su alcance para dar a conocer a las personas usuarias del sitio web los cambios realizados.[\/vc_column_text][vc_column_text css=&#8221;&#8221;]<\/p>\n<h3>4. Jurisdicci\u00f3n<\/h3>\n<p>Las relaciones establecidas entre Astigarragako Ozpinak SL y la persona usuaria se regir\u00e1n por lo dispuesto en la normativa vigente acerca de la legislaci\u00f3n aplicable y la jurisdicci\u00f3n competente. No obstante, para los casos en los que la normativa prevea la posibilidad a las partes de someterse a un fuero, el Responsable del Tratamiento y la persona usuaria, con renuncia expresa a cualquier otro fuero que pudiera corresponderles, se someten a los Juzgados y Tribunales de Azpeitia (Gipuzkoa).<\/p>\n<p>Astigarragako Ozpinak SL perseguir\u00e1 el incumplimiento de las anteriores condiciones, as\u00ed como cualquier utilizaci\u00f3n indebida de los contenidos presentados en su sitio web ejerciendo todas las acciones civiles y penales que le puedan corresponder en Derecho, incluyendo las de naturaleza econ\u00f3mica.<\/p>\n<p>*\u00a0<em>\u00daltima actualizaci\u00f3n del Aviso Legal: 29\/12\/2020<\/em>[\/vc_column_text][\/vc_column][\/vc_row]<\/p>\n<\/div>","protected":false},"excerpt":{"rendered":"<p>[vc_row][vc_column][vc_column_text css=&#8221;&#8221;] Informaci\u00f3n legal En cumplimiento de la Ley 34\/2002, de 11 de julio, de Servicios de la Sociedad de la Informaci\u00f3n y de Comercio Electr\u00f3nico, le informamos que el dominio de internet bio-k.eus es titularidad de Astigarragako Ozpinak SL (NIF: B75134114), con domicilio en Sagardotegi Zeharra, 5 , 20115 Astigarraga (Gipuzkoa), tel\u00e9fono 678 547&hellip;<\/p>\n","protected":false},"author":1,"featured_media":0,"parent":0,"menu_order":100,"comment_status":"closed","ping_status":"closed","template":"","meta":{"_joinchat":[],"footnotes":""},"class_list":["post-1939","page","type-page","status-publish","hentry","description-off"],"yoast_head":"<!-- This site is optimized with the Yoast SEO plugin v27.5 - https:\/\/yoast.com\/product\/yoast-seo-wordpress\/ -->\n<title>Lege oharra - Productos Ecol\u00f3gicos Bio-K<\/title>\n<meta name=\"robots\" content=\"noindex, nofollow\" \/>\n<meta property=\"og:locale\" content=\"eu_ES\" \/>\n<meta property=\"og:type\" content=\"article\" \/>\n<meta property=\"og:title\" content=\"Lege oharra - Productos Ecol\u00f3gicos Bio-K\" \/>\n<meta property=\"og:description\" content=\"[vc_row][vc_column][vc_column_text css=&#8221;&#8221;] Informaci\u00f3n legal En cumplimiento de la Ley 34\/2002, de 11 de julio, de Servicios de la Sociedad de la Informaci\u00f3n y de Comercio Electr\u00f3nico, le informamos que el dominio de internet bio-k.eus es titularidad de Astigarragako Ozpinak SL (NIF: B75134114), con domicilio en Sagardotegi Zeharra, 5 , 20115 Astigarraga (Gipuzkoa), tel\u00e9fono 678 547&hellip;\" \/>\n<meta property=\"og:url\" content=\"https:\/\/bio-k.eus\/eu\/lege-oharra\/\" \/>\n<meta property=\"og:site_name\" content=\"Productos Ecol\u00f3gicos Bio-K\" \/>\n<meta property=\"article:publisher\" content=\"https:\/\/www.facebook.com\/ProductosBioK\" \/>\n<meta property=\"article:modified_time\" content=\"2024-05-21T14:26:12+00:00\" \/>\n<meta name=\"twitter:card\" content=\"summary_large_image\" \/>\n<meta name=\"twitter:label1\" content=\"Est. reading time\" \/>\n\t<meta name=\"twitter:data1\" content=\"6 minutes\" \/>\n<script type=\"application\/ld+json\" class=\"yoast-schema-graph\">{\"@context\":\"https:\\\/\\\/schema.org\",\"@graph\":[{\"@type\":\"WebPage\",\"@id\":\"https:\\\/\\\/bio-k.eus\\\/eu\\\/lege-oharra\\\/\",\"url\":\"https:\\\/\\\/bio-k.eus\\\/eu\\\/lege-oharra\\\/\",\"name\":\"Lege oharra - Productos Ecol\u00f3gicos Bio-K\",\"isPartOf\":{\"@id\":\"https:\\\/\\\/bio-k.eus\\\/#website\"},\"datePublished\":\"2018-05-23T10:22:40+00:00\",\"dateModified\":\"2024-05-21T14:26:12+00:00\",\"breadcrumb\":{\"@id\":\"https:\\\/\\\/bio-k.eus\\\/eu\\\/lege-oharra\\\/#breadcrumb\"},\"inLanguage\":\"eu-ES\",\"potentialAction\":[{\"@type\":\"ReadAction\",\"target\":[\"https:\\\/\\\/bio-k.eus\\\/eu\\\/lege-oharra\\\/\"]}]},{\"@type\":\"BreadcrumbList\",\"@id\":\"https:\\\/\\\/bio-k.eus\\\/eu\\\/lege-oharra\\\/#breadcrumb\",\"itemListElement\":[{\"@type\":\"ListItem\",\"position\":1,\"name\":\"Portada\",\"item\":\"https:\\\/\\\/bio-k.eus\\\/eu\\\/\"},{\"@type\":\"ListItem\",\"position\":2,\"name\":\"Lege oharra\"}]},{\"@type\":\"WebSite\",\"@id\":\"https:\\\/\\\/bio-k.eus\\\/#website\",\"url\":\"https:\\\/\\\/bio-k.eus\\\/\",\"name\":\"Productos Ecol\u00f3gicos Bio-K\",\"description\":\"Productos elaborados a partir de manzanas ecol\u00f3gicas\",\"publisher\":{\"@id\":\"https:\\\/\\\/bio-k.eus\\\/#organization\"},\"potentialAction\":[{\"@type\":\"SearchAction\",\"target\":{\"@type\":\"EntryPoint\",\"urlTemplate\":\"https:\\\/\\\/bio-k.eus\\\/?s={search_term_string}\"},\"query-input\":{\"@type\":\"PropertyValueSpecification\",\"valueRequired\":true,\"valueName\":\"search_term_string\"}}],\"inLanguage\":\"eu-ES\"},{\"@type\":\"Organization\",\"@id\":\"https:\\\/\\\/bio-k.eus\\\/#organization\",\"name\":\"Productos Ecol\u00f3gicos Bio-K\",\"url\":\"https:\\\/\\\/bio-k.eus\\\/\",\"logo\":{\"@type\":\"ImageObject\",\"inLanguage\":\"eu-ES\",\"@id\":\"https:\\\/\\\/bio-k.eus\\\/#\\\/schema\\\/logo\\\/image\\\/\",\"url\":\"https:\\\/\\\/bio-k.eus\\\/wp-content\\\/uploads\\\/logo-bio-k.png\",\"contentUrl\":\"https:\\\/\\\/bio-k.eus\\\/wp-content\\\/uploads\\\/logo-bio-k.png\",\"width\":500,\"height\":230,\"caption\":\"Productos Ecol\u00f3gicos Bio-K\"},\"image\":{\"@id\":\"https:\\\/\\\/bio-k.eus\\\/#\\\/schema\\\/logo\\\/image\\\/\"},\"sameAs\":[\"https:\\\/\\\/www.facebook.com\\\/ProductosBioK\",\"https:\\\/\\\/www.instagram.com\\\/productos_bio_k\\\/\"]}]}<\/script>\n<!-- \/ Yoast SEO plugin. -->","yoast_head_json":{"title":"Lege oharra - Productos Ecol\u00f3gicos Bio-K","robots":{"index":"noindex","follow":"nofollow"},"og_locale":"eu_ES","og_type":"article","og_title":"Lege oharra - Productos Ecol\u00f3gicos Bio-K","og_description":"[vc_row][vc_column][vc_column_text css=&#8221;&#8221;] Informaci\u00f3n legal En cumplimiento de la Ley 34\/2002, de 11 de julio, de Servicios de la Sociedad de la Informaci\u00f3n y de Comercio Electr\u00f3nico, le informamos que el dominio de internet bio-k.eus es titularidad de Astigarragako Ozpinak SL (NIF: B75134114), con domicilio en Sagardotegi Zeharra, 5 , 20115 Astigarraga (Gipuzkoa), tel\u00e9fono 678 547&hellip;","og_url":"https:\/\/bio-k.eus\/eu\/lege-oharra\/","og_site_name":"Productos Ecol\u00f3gicos Bio-K","article_publisher":"https:\/\/www.facebook.com\/ProductosBioK","article_modified_time":"2024-05-21T14:26:12+00:00","twitter_card":"summary_large_image","twitter_misc":{"Est. reading time":"6 minutes"},"schema":{"@context":"https:\/\/schema.org","@graph":[{"@type":"WebPage","@id":"https:\/\/bio-k.eus\/eu\/lege-oharra\/","url":"https:\/\/bio-k.eus\/eu\/lege-oharra\/","name":"Lege oharra - Productos Ecol\u00f3gicos Bio-K","isPartOf":{"@id":"https:\/\/bio-k.eus\/#website"},"datePublished":"2018-05-23T10:22:40+00:00","dateModified":"2024-05-21T14:26:12+00:00","breadcrumb":{"@id":"https:\/\/bio-k.eus\/eu\/lege-oharra\/#breadcrumb"},"inLanguage":"eu-ES","potentialAction":[{"@type":"ReadAction","target":["https:\/\/bio-k.eus\/eu\/lege-oharra\/"]}]},{"@type":"BreadcrumbList","@id":"https:\/\/bio-k.eus\/eu\/lege-oharra\/#breadcrumb","itemListElement":[{"@type":"ListItem","position":1,"name":"Portada","item":"https:\/\/bio-k.eus\/eu\/"},{"@type":"ListItem","position":2,"name":"Lege oharra"}]},{"@type":"WebSite","@id":"https:\/\/bio-k.eus\/#website","url":"https:\/\/bio-k.eus\/","name":"Productos Ecol\u00f3gicos Bio-K","description":"Productos elaborados a partir de manzanas ecol\u00f3gicas","publisher":{"@id":"https:\/\/bio-k.eus\/#organization"},"potentialAction":[{"@type":"SearchAction","target":{"@type":"EntryPoint","urlTemplate":"https:\/\/bio-k.eus\/?s={search_term_string}"},"query-input":{"@type":"PropertyValueSpecification","valueRequired":true,"valueName":"search_term_string"}}],"inLanguage":"eu-ES"},{"@type":"Organization","@id":"https:\/\/bio-k.eus\/#organization","name":"Productos Ecol\u00f3gicos Bio-K","url":"https:\/\/bio-k.eus\/","logo":{"@type":"ImageObject","inLanguage":"eu-ES","@id":"https:\/\/bio-k.eus\/#\/schema\/logo\/image\/","url":"https:\/\/bio-k.eus\/wp-content\/uploads\/logo-bio-k.png","contentUrl":"https:\/\/bio-k.eus\/wp-content\/uploads\/logo-bio-k.png","width":500,"height":230,"caption":"Productos Ecol\u00f3gicos Bio-K"},"image":{"@id":"https:\/\/bio-k.eus\/#\/schema\/logo\/image\/"},"sameAs":["https:\/\/www.facebook.com\/ProductosBioK","https:\/\/www.instagram.com\/productos_bio_k\/"]}]}},"_links":{"self":[{"href":"https:\/\/bio-k.eus\/eu\/wp-json\/wp\/v2\/pages\/1939","targetHints":{"allow":["GET"]}}],"collection":[{"href":"https:\/\/bio-k.eus\/eu\/wp-json\/wp\/v2\/pages"}],"about":[{"href":"https:\/\/bio-k.eus\/eu\/wp-json\/wp\/v2\/types\/page"}],"author":[{"embeddable":true,"href":"https:\/\/bio-k.eus\/eu\/wp-json\/wp\/v2\/users\/1"}],"replies":[{"embeddable":true,"href":"https:\/\/bio-k.eus\/eu\/wp-json\/wp\/v2\/comments?post=1939"}],"version-history":[{"count":0,"href":"https:\/\/bio-k.eus\/eu\/wp-json\/wp\/v2\/pages\/1939\/revisions"}],"wp:attachment":[{"href":"https:\/\/bio-k.eus\/eu\/wp-json\/wp\/v2\/media?parent=1939"}],"curies":[{"name":"wp","href":"https:\/\/api.w.org\/{rel}","templated":true}]}}